{"id":1000,"date":"2024-07-30T20:43:08","date_gmt":"2024-07-31T00:43:08","guid":{"rendered":"https:\/\/eretmo.com\/?page_id=1000"},"modified":"2024-09-13T14:03:39","modified_gmt":"2024-09-13T18:03:39","slug":"newsroom","status":"publish","type":"page","link":"https:\/\/eretmo.com\/es\/newsroom\/","title":{"rendered":"Redacci\u00f3n"},"content":{"rendered":"<div data-elementor-type=\"wp-page\" data-elementor-id=\"1000\" class=\"elementor elementor-1000\" data-elementor-post-type=\"page\">\n\t\t\t\t<div class=\"elementor-element elementor-element-b7a1f42 e-flex e-con-boxed e-con e-parent\" data-id=\"b7a1f42\" data-element_type=\"container\" data-settings=\"{&quot;background_background&quot;:&quot;slideshow&quot;,&quot;background_slideshow_gallery&quot;:[{&quot;id&quot;:5072,&quot;url&quot;:&quot;https:\\\/\\\/eretmo.com\\\/wp-content\\\/uploads\\\/2024\\\/09\\\/press-releaase-1.png&quot;},{&quot;id&quot;:5073,&quot;url&quot;:&quot;https:\\\/\\\/eretmo.com\\\/wp-content\\\/uploads\\\/2024\\\/09\\\/press-release2.png&quot;},{&quot;id&quot;:5074,&quot;url&quot;:&quot;https:\\\/\\\/eretmo.com\\\/wp-content\\\/uploads\\\/2024\\\/09\\\/press-release3.png&quot;}],&quot;background_slideshow_slide_transition&quot;:&quot;slide_left&quot;,&quot;background_slideshow_ken_burns&quot;:&quot;yes&quot;,&quot;background_slideshow_slide_duration&quot;:5030,&quot;background_slideshow_lazyload&quot;:&quot;yes&quot;,&quot;background_slideshow_loop&quot;:&quot;yes&quot;,&quot;background_slideshow_transition_duration&quot;:500,&quot;background_slideshow_ken_burns_zoom_direction&quot;:&quot;in&quot;}\">\n\t\t\t\t\t<div class=\"e-con-inner\">\n\t\t\t\t\t<\/div>\n\t\t\t\t<\/div>\n\t\t<div class=\"elementor-element elementor-element-e01a22d e-flex e-con-boxed e-con e-parent\" data-id=\"e01a22d\" data-element_type=\"container\" data-settings=\"{&quot;background_background&quot;:&quot;classic&quot;}\">\n\t\t\t\t\t<div class=\"e-con-inner\">\n\t\t<div class=\"elementor-element elementor-element-aa85e52 e-con-full e-flex e-con e-child\" data-id=\"aa85e52\" data-element_type=\"container\" data-settings=\"{&quot;background_background&quot;:&quot;classic&quot;}\">\n\t\t\t\t<div class=\"elementor-element elementor-element-4ffd7e6 elementor-widget elementor-widget-heading\" data-id=\"4ffd7e6\" data-element_type=\"widget\" data-widget_type=\"heading.default\">\n\t\t\t\t<div class=\"elementor-widget-container\">\n\t\t\t\t\t<h2 class=\"elementor-heading-title elementor-size-default\">18 de julio de 2024<\/h2>\t\t\t\t<\/div>\n\t\t\t\t<\/div>\n\t\t\t\t<div class=\"elementor-element elementor-element-b462760 elementor-widget__width-initial elementor-widget elementor-widget-heading\" data-id=\"b462760\" data-element_type=\"widget\" data-widget_type=\"heading.default\">\n\t\t\t\t<div class=\"elementor-widget-container\">\n\t\t\t\t\t<h2 class=\"elementor-heading-title elementor-size-default\">Eretmo anuncia planes para desarrollar exclusivas comunidades flotantes de megayates de lujo.<\/h2>\t\t\t\t<\/div>\n\t\t\t\t<\/div>\n\t\t\t\t<div class=\"elementor-element elementor-element-40f2d7f elementor-widget__width-initial elementor-widget elementor-widget-text-editor\" data-id=\"40f2d7f\" data-element_type=\"widget\" data-widget_type=\"text-editor.default\">\n\t\t\t\t<div class=\"elementor-widget-container\">\n\t\t\t\t\t\t\t\t\t<p>ERETMO ha conseguido un acuerdo de financiaci\u00f3n completo para iniciar las fases preliminares de desarrollo de las comunidades flotantes de megayates de lujo m\u00e1s novedosas del pa\u00eds. Situadas en las zonas mar\u00edtimas costeras protectoras de cuatro ubicaciones distintivas, las comunidades Eretmo, dise\u00f1adas por grupos aclamados mundialmente, representan los m\u00e1s altos est\u00e1ndares de estilo de vida de lujo exclusivo.<\/p><p>Este nuevo desarrollo promete una mezcla \u00fanica de experiencias en el mar.  Cumpliendo el deseo evolutivo de crear un proyecto de \u00e9lite que ofrezca los pr\u00f3ximos conceptos asombrosos, al tiempo que brinda oportunidades para mejorar las comunidades locales costeras de acogida y nuestra interacci\u00f3n con la preciada vida marina del mundo.\u00a0<\/p><p>\u00a0<\/p><p>Cada una de las ubicaciones de Eretmo es una exclusiva comunidad residencial de lujo cuidadosamente planificada en torno a un inspirador dise\u00f1o de puerto deportivo Mega yacht para que los residentes se sumerjan en la tranquilidad de los mares que dan vida a los planetas. La comunidad cuenta con 600 apartamentos en el puerto deportivo, 540 villas de lujo y 33 islas privadas de una sola residencia. Todas las propiedades de estas urbanizaciones de lujo en primera l\u00ednea de mar invitan a los residentes a disfrutar de las impresionantes vistas y del abrazo que s\u00f3lo la armon\u00eda del mar puede ofrecer.<\/p><p>\u00a0<\/p><p>Desde el momento de su llegada a Eretmo Residences, a trav\u00e9s de su propio yate privado, el transporte del club n\u00e1utico de Palm Park, o a bordo del helic\u00f3ptero limusina directo desde el aeropuerto a uno de los helipuertos de la comunidad. Usted ser\u00e1 envuelto y abrumado en el lujo excepcional de todo lo que es posible en el mundo en constante evoluci\u00f3n de hoy.<\/p><p>\u00a0<\/p><p>\u00a0<\/p><p>El Palm Park del puerto deportivo del Yacht Club es el centro neur\u00e1lgico de la urbanizaci\u00f3n, en torno al cual se desarrolla la vibrante comunidad de propietarios e invitados. Cada uno de los tres puertos deportivos de la comunidad ofrece m\u00e1s de 200 amarres capaces de albergar yates y megayates. Con m\u00e1s de 50 ofertas comerciales, el paseo mar\u00edtimo de Palm Park ser\u00e1 el lugar vivo del entretenimiento, el ocio y las experiencias culturales, albergando durante todo el a\u00f1o eventos art\u00edsticos y programas de actuaciones, complementados con tiendas de marcas de lujo de firma y diversas experiencias gastron\u00f3micas de clase mundial. La comunidad es monumental, ya que se eleva desde el mar, dando refugio. Las ubicaciones de la comunidad proporcionan protecci\u00f3n durante todo el a\u00f1o para los propietarios de yates y un refugio para los residentes y hu\u00e9spedes del puerto deportivo. La comunidad de Eretmo es un punto de referencia \u00fanico que sirve de base perfecta para todas las atracciones marinas. Los entusiastas de la navegaci\u00f3n a vela, los aventureros que buscan experiencias personalizadas y todos los residentes que desean relajarse en una propiedad de \u00e9lite de lujo exclusivo, ser\u00e1n iluminados m\u00e1s all\u00e1 de todas las expectativas, dentro de los desarrollos Eretmo.<\/p><p>\u00a0<\/p><p>La Fundaci\u00f3n Eretmo se ha comprometido a desarrollar un moderno centro de investigaci\u00f3n del mar costero en cada una de las cuatro localidades. La fundaci\u00f3n se dedica a la exploraci\u00f3n del mar costero y a proyectos educativos para j\u00f3venes. Acoge con agrado la colaboraci\u00f3n con expertos consagrados, pioneros ambiciosos y todos los grupos que se propongan defender el conocimiento y la conservaci\u00f3n del mar. La fundaci\u00f3n es responsable de mantener el estricto cumplimiento de todas las estrategias medioambientales establecidas dentro de las zonas costeras que rodean a cada urbanizaci\u00f3n.<\/p><p>\u00a0<\/p><p>El exclusivo dise\u00f1o arquitect\u00f3nico de Eretmo integra lugares v\u00edrgenes de vibrantes mares azules con el lujo de poseer una residencia en un megayate. Se trata de un exclusivo destino residencial para visitar, explorar, vivir y prosperar: una oportunidad para formar parte de una comunidad de lujo de \u00e9lite.<\/p>\t\t\t\t\t\t\t\t<\/div>\n\t\t\t\t<\/div>\n\t\t\t\t<\/div>\n\t\t\t\t\t<\/div>\n\t\t\t\t<\/div>\n\t\t\t\t<\/div>","protected":false},"excerpt":{"rendered":"<p>July 18, 2024 Eretmo announces plans to develop exclusive luxury mega yacht floating communities. ERETMO has secured a complete financing arrangement to begin the preliminary phases for development of the It\u2019s newest ultimate luxury floating mega yacht communities. Set on the protective coastal sea areas of four distinctive locations, the Eretmo communities, designed by world [&hellip;]<\/p>","protected":false},"author":1,"featured_media":0,"parent":0,"menu_order":0,"comment_status":"open","ping_status":"closed","template":"","meta":{"footnotes":""},"class_list":["post-1000","page","type-page","status-publish","hentry"],"_links":{"self":[{"href":"https:\/\/eretmo.com\/es\/wp-json\/wp\/v2\/pages\/1000"}],"collection":[{"href":"https:\/\/eretmo.com\/es\/wp-json\/wp\/v2\/pages"}],"about":[{"href":"https:\/\/eretmo.com\/es\/wp-json\/wp\/v2\/types\/page"}],"author":[{"embeddable":true,"href":"https:\/\/eretmo.com\/es\/wp-json\/wp\/v2\/users\/1"}],"replies":[{"embeddable":true,"href":"https:\/\/eretmo.com\/es\/wp-json\/wp\/v2\/comments?post=1000"}],"version-history":[{"count":63,"href":"https:\/\/eretmo.com\/es\/wp-json\/wp\/v2\/pages\/1000\/revisions"}],"predecessor-version":[{"id":6254,"href":"https:\/\/eretmo.com\/es\/wp-json\/wp\/v2\/pages\/1000\/revisions\/6254"}],"wp:attachment":[{"href":"https:\/\/eretmo.com\/es\/wp-json\/wp\/v2\/media?parent=1000"}],"curies":[{"name":"wp","href":"https:\/\/api.w.org\/{rel}","templated":true}]}}